{"id":5708,"date":"2024-02-09T11:48:29","date_gmt":"2024-02-09T10:48:29","guid":{"rendered":"https:\/\/www.anaja.fr\/?post_type=product&#038;p=5708"},"modified":"2024-09-27T17:25:59","modified_gmt":"2024-09-27T15:25:59","slug":"le-hoodie-barre","status":"publish","type":"product","link":"https:\/\/www.anaja.fr\/en\/shopping\/le-hoodie-barre\/","title":{"rendered":"Le Hoodie Barr\u00e9"},"content":{"rendered":"<p>Dive into urban style with <strong>Le Hoodie Barr\u00e9<\/strong>, a thick hoodie in brushed fleece that embodies the rebel spirit. <strong>Featuring white embroidery of the Anaja logo, this hoodie displays the brand&#8217;s crossed-out script on the hood for a non-conformist look.<\/strong> Featuring a practical kangaroo pocket and large hood, it combines style and functionality. Made from <strong>85% organic cotton and 15% recycled polyester<\/strong>, this sweatshirt guarantees optimum comfort while being environmentally friendly. <strong>Its slim fit makes it a versatile garment, perfect for close-to-body styling. Pour une silhouette plus oversize, n&#8217;h\u00e9sitez pas \u00e0 choisir une taille sup\u00e9rieure.<\/strong>  The Barred Hoodie is designed to suit both men and women, positioning itself as a unisex garment that celebrates individuality and boldness. Make a style statement with this unique hoodie that won&#8217;t go unnoticed.<\/p>\n","protected":false},"excerpt":{"rendered":"<h5>Le Hoodie Barr\u00e9<\/h5>\n<p>&nbsp;<\/p>\n<ul>\n<li>Thick hoodie in GOTS-certified organic cotton fleece.<\/li>\n<li>Anaja crossed print on hood<\/li>\n<li class=\"li1\">The male model wears a size L and is 1.83m tall<\/li>\n<li class=\"li1\">The female model wears a size S and is 1.69m tall<\/li>\n<\/ul>\n<p><img decoding=\"async\" class=\"alignnone wp-image-2983\" src=\"https:\/\/www.anaja.fr\/wp-content\/uploads\/2023\/11\/logo-dda40e0f.webp\" alt=\"\" width=\"38\" height=\"38\" srcset=\"https:\/\/www.anaja.fr\/wp-content\/uploads\/2023\/11\/logo-dda40e0f.webp 150w, https:\/\/www.anaja.fr\/wp-content\/uploads\/2023\/11\/logo-dda40e0f-100x100.webp 100w, https:\/\/www.anaja.fr\/wp-content\/uploads\/2023\/11\/logo-dda40e0f-50x50.webp 50w\" sizes=\"(max-width: 38px) 100vw, 38px\" \/><\/p>\n","protected":false},"featured_media":7588,"template":"","meta":{"site-sidebar-layout":"no-sidebar","site-content-layout":"page-builder","ast-site-content-layout":"full-width-container","site-content-style":"default","site-sidebar-style":"default","ast-global-header-display":"","ast-banner-title-visibility":"","ast-main-header-display":"","ast-hfb-above-header-display":"","ast-hfb-below-header-display":"","ast-hfb-mobile-header-display":"","site-post-title":"disabled","ast-breadcrumbs-content":"","ast-featured-img":"disabled","footer-sml-layout":"","theme-transparent-header-meta":"default","adv-header-id-meta":"","stick-header-meta":"default","header-above-stick-meta":"","header-main-stick-meta":"","header-below-stick-meta":"","astra-migrate-meta-layouts":"set","ast-page-background-enabled":"default","ast-page-background-meta":{"desktop":{"background-color":"","background-image":"","background-repeat":"repeat","background-position":"center center","background-size":"auto","background-attachment":"scroll","background-type":"","background-media":"","overlay-type":"","overlay-color":"","overlay-opacity":"","overlay-gradient":""},"tablet":{"background-color":"","background-image":"","background-repeat":"repeat","background-position":"center center","background-size":"auto","background-attachment":"scroll","background-type":"","background-media":"","overlay-type":"","overlay-color":"","overlay-opacity":"","overlay-gradient":""},"mobile":{"background-color":"","background-image":"","background-repeat":"repeat","background-position":"center center","background-size":"auto","background-attachment":"scroll","background-type":"","background-media":"","overlay-type":"","overlay-color":"","overlay-opacity":"","overlay-gradient":""}},"ast-content-background-meta":{"desktop":{"background-color":"var(--ast-global-color-5)","background-image":"","background-repeat":"repeat","background-position":"center center","background-size":"auto","background-attachment":"scroll","background-type":"","background-media":"","overlay-type":"","overlay-color":"","overlay-opacity":"","overlay-gradient":""},"tablet":{"background-color":"var(--ast-global-color-5)","background-image":"","background-repeat":"repeat","background-position":"center center","background-size":"auto","background-attachment":"scroll","background-type":"","background-media":"","overlay-type":"","overlay-color":"","overlay-opacity":"","overlay-gradient":""},"mobile":{"background-color":"var(--ast-global-color-5)","background-image":"","background-repeat":"repeat","background-position":"center center","background-size":"auto","background-attachment":"scroll","background-type":"","background-media":"","overlay-type":"","overlay-color":"","overlay-opacity":"","overlay-gradient":""}}},"product_brand":[],"product_cat":[123,122,124,119,121],"product_tag":[],"class_list":{"0":"post-5708","1":"product","2":"type-product","3":"status-publish","4":"has-post-thumbnail","6":"product_cat-hoodies-en","7":"product_cat-hoodies-sweatshirts-en","8":"product_cat-hoodies-barre-en","9":"product_cat-unisex-en","10":"product_cat-urban-collection-en","11":"pa_couleur-black","12":"pa_taille-l-en","13":"pa_taille-m-en","14":"pa_taille-s-en","15":"pa_taille-xl-en","16":"pa_taille-xs-en","17":"pa_taille-xxl-en","18":"desktop-align-center","19":"tablet-align-left","20":"mobile-align-left","21":"ast-product-gallery-layout-horizontal-slider","22":"ast-magnify-disabled","23":"ast-product-single-variable","24":"ast-product-tabs-layout-horizontal","26":"first","27":"instock","28":"taxable","29":"shipping-taxable","30":"purchasable","31":"product-type-variable","32":"wvs-archive-product-wrapper"},"yoast_head":"<!-- This site is optimized with the Yoast SEO Premium plugin v24.4 (Yoast SEO v24.4) - https:\/\/yoast.com\/wordpress\/plugins\/seo\/ -->\n<title>Le Hoodie Barr\u00e9 | Anaja<\/title>\n<meta name=\"description\" content=\"Discover Le Hoodie Barr\u00e9 in organic cotton from Anaja&#039;s unisex, eco-responsible collection, available as a Limited Edition from our online boutique.\" \/>\n<meta name=\"robots\" content=\"index, follow, max-snippet:-1, max-image-preview:large, max-video-preview:-1\" \/>\n<link rel=\"canonical\" href=\"https:\/\/www.anaja.fr\/en\/shopping\/le-hoodie-barre\/\" \/>\n<meta property=\"og:locale\" content=\"en_US\" \/>\n<meta property=\"og:type\" content=\"article\" \/>\n<meta property=\"og:title\" content=\"Le Hoodie Barr\u00e9\" \/>\n<meta property=\"og:description\" content=\"Discover Le Hoodie Barr\u00e9 in organic cotton from Anaja&#039;s unisex, eco-responsible collection, available as a Limited Edition from our online boutique.\" \/>\n<meta property=\"og:url\" content=\"https:\/\/www.anaja.fr\/en\/shopping\/le-hoodie-barre\/\" \/>\n<meta property=\"og:site_name\" content=\"Anaja\" \/>\n<meta property=\"article:publisher\" content=\"https:\/\/www.facebook.com\/anajaofficial\" \/>\n<meta property=\"article:modified_time\" content=\"2024-09-27T15:25:59+00:00\" \/>\n<meta property=\"og:image\" content=\"https:\/\/www.anaja.fr\/wp-content\/uploads\/2024\/05\/le-hoodie-barre-man-back.jpg\" \/>\n\t<meta property=\"og:image:width\" content=\"1200\" \/>\n\t<meta property=\"og:image:height\" content=\"1200\" \/>\n\t<meta property=\"og:image:type\" content=\"image\/jpeg\" \/>\n<meta name=\"twitter:card\" content=\"summary_large_image\" \/>\n<meta name=\"twitter:label1\" content=\"Availability\" \/>\n\t<meta name=\"twitter:data1\" content=\"In stock\" \/>\n<script type=\"application\/ld+json\" class=\"yoast-schema-graph\">{\"@context\":\"https:\/\/schema.org\",\"@graph\":[{\"@type\":\"WebPage\",\"@id\":\"https:\/\/www.anaja.fr\/en\/shopping\/le-hoodie-barre\/\",\"url\":\"https:\/\/www.anaja.fr\/en\/shopping\/le-hoodie-barre\/\",\"name\":\"Le Hoodie Barr\u00e9 | Anaja\",\"isPartOf\":{\"@id\":\"https:\/\/www.anaja.fr\/en\/#website\"},\"primaryImageOfPage\":{\"@id\":\"https:\/\/www.anaja.fr\/en\/shopping\/le-hoodie-barre\/#primaryimage\"},\"image\":{\"@id\":\"https:\/\/www.anaja.fr\/en\/shopping\/le-hoodie-barre\/#primaryimage\"},\"thumbnailUrl\":\"https:\/\/www.anaja.fr\/wp-content\/uploads\/2024\/05\/le-hoodie-barre-man-back.jpg\",\"datePublished\":\"2024-02-09T10:48:29+00:00\",\"dateModified\":\"2024-09-27T15:25:59+00:00\",\"description\":\"Discover Le Hoodie Barr\u00e9 in organic cotton from Anaja's unisex, eco-responsible collection, available as a Limited Edition from our online boutique.\",\"breadcrumb\":{\"@id\":\"https:\/\/www.anaja.fr\/en\/shopping\/le-hoodie-barre\/#breadcrumb\"},\"inLanguage\":\"en-US\",\"potentialAction\":[{\"@type\":\"ReadAction\",\"target\":[\"https:\/\/www.anaja.fr\/en\/shopping\/le-hoodie-barre\/\"]}]},{\"@type\":\"ImageObject\",\"inLanguage\":\"en-US\",\"@id\":\"https:\/\/www.anaja.fr\/en\/shopping\/le-hoodie-barre\/#primaryimage\",\"url\":\"https:\/\/www.anaja.fr\/wp-content\/uploads\/2024\/05\/le-hoodie-barre-man-back.jpg\",\"contentUrl\":\"https:\/\/www.anaja.fr\/wp-content\/uploads\/2024\/05\/le-hoodie-barre-man-back.jpg\",\"width\":1200,\"height\":1200,\"caption\":\"Le Hoodie Barr\u00e9 Anaja worn by male model\"},{\"@type\":\"BreadcrumbList\",\"@id\":\"https:\/\/www.anaja.fr\/en\/shopping\/le-hoodie-barre\/#breadcrumb\",\"itemListElement\":[{\"@type\":\"ListItem\",\"position\":1,\"name\":\"Home\",\"item\":\"https:\/\/www.anaja.fr\/en\/\"},{\"@type\":\"ListItem\",\"position\":2,\"name\":\"Shop\",\"item\":\"https:\/\/www.anaja.fr\/shopping\/\"},{\"@type\":\"ListItem\",\"position\":3,\"name\":\"Le Hoodie Barr\u00e9\"}]},{\"@type\":\"WebSite\",\"@id\":\"https:\/\/www.anaja.fr\/en\/#website\",\"url\":\"https:\/\/www.anaja.fr\/en\/\",\"name\":\"Anaja\",\"description\":\"Official Website | ANAJA\",\"publisher\":{\"@id\":\"https:\/\/www.anaja.fr\/en\/#organization\"},\"potentialAction\":[{\"@type\":\"SearchAction\",\"target\":{\"@type\":\"EntryPoint\",\"urlTemplate\":\"https:\/\/www.anaja.fr\/en\/?s={search_term_string}\"},\"query-input\":{\"@type\":\"PropertyValueSpecification\",\"valueRequired\":true,\"valueName\":\"search_term_string\"}}],\"inLanguage\":\"en-US\"},{\"@type\":\"Organization\",\"@id\":\"https:\/\/www.anaja.fr\/en\/#organization\",\"name\":\"Anaja\",\"url\":\"https:\/\/www.anaja.fr\/en\/\",\"logo\":{\"@type\":\"ImageObject\",\"inLanguage\":\"en-US\",\"@id\":\"https:\/\/www.anaja.fr\/en\/#\/schema\/logo\/image\/\",\"url\":\"https:\/\/www.anaja.fr\/wp-content\/uploads\/2024\/02\/logo-anaja.png\",\"contentUrl\":\"https:\/\/www.anaja.fr\/wp-content\/uploads\/2024\/02\/logo-anaja.png\",\"width\":2076,\"height\":2197,\"caption\":\"Anaja\"},\"image\":{\"@id\":\"https:\/\/www.anaja.fr\/en\/#\/schema\/logo\/image\/\"},\"sameAs\":[\"https:\/\/www.facebook.com\/anajaofficial\",\"https:\/\/www.instagram.com\/anajaofficial\/\",\"https:\/\/www.tiktok.com\/@anajaofficial\"],\"email\":\"contact@anaja.fr\",\"legalName\":\"Anaja\",\"vatID\":\"FR31982156499\",\"actionableFeedbackPolicy\":\"https:\/\/www.anaja.fr\/retours\/\"}]}<\/script>\n<meta property=\"og:availability\" content=\"instock\" \/>\n<meta property=\"product:availability\" content=\"instock\" \/>\n<meta property=\"product:retailer_item_id\" content=\"HABCW\" \/>\n<meta property=\"product:condition\" content=\"new\" \/>\n<!-- \/ Yoast SEO Premium plugin. -->","yoast_head_json":{"title":"Le Hoodie Barr\u00e9 | Anaja","description":"Discover Le Hoodie Barr\u00e9 in organic cotton from Anaja's unisex, eco-responsible collection, available as a Limited Edition from our online boutique.","robots":{"index":"index","follow":"follow","max-snippet":"max-snippet:-1","max-image-preview":"max-image-preview:large","max-video-preview":"max-video-preview:-1"},"canonical":"https:\/\/www.anaja.fr\/en\/shopping\/le-hoodie-barre\/","og_locale":"en_US","og_type":"article","og_title":"Le Hoodie Barr\u00e9","og_description":"Discover Le Hoodie Barr\u00e9 in organic cotton from Anaja's unisex, eco-responsible collection, available as a Limited Edition from our online boutique.","og_url":"https:\/\/www.anaja.fr\/en\/shopping\/le-hoodie-barre\/","og_site_name":"Anaja","article_publisher":"https:\/\/www.facebook.com\/anajaofficial","article_modified_time":"2024-09-27T15:25:59+00:00","og_image":[{"width":1200,"height":1200,"url":"https:\/\/www.anaja.fr\/wp-content\/uploads\/2024\/05\/le-hoodie-barre-man-back.jpg","type":"image\/jpeg"}],"twitter_card":"summary_large_image","twitter_misc":{"Availability":"In stock"},"schema":{"@context":"https:\/\/schema.org","@graph":[{"@type":"WebPage","@id":"https:\/\/www.anaja.fr\/en\/shopping\/le-hoodie-barre\/","url":"https:\/\/www.anaja.fr\/en\/shopping\/le-hoodie-barre\/","name":"Le Hoodie Barr\u00e9 | Anaja","isPartOf":{"@id":"https:\/\/www.anaja.fr\/en\/#website"},"primaryImageOfPage":{"@id":"https:\/\/www.anaja.fr\/en\/shopping\/le-hoodie-barre\/#primaryimage"},"image":{"@id":"https:\/\/www.anaja.fr\/en\/shopping\/le-hoodie-barre\/#primaryimage"},"thumbnailUrl":"https:\/\/www.anaja.fr\/wp-content\/uploads\/2024\/05\/le-hoodie-barre-man-back.jpg","datePublished":"2024-02-09T10:48:29+00:00","dateModified":"2024-09-27T15:25:59+00:00","description":"Discover Le Hoodie Barr\u00e9 in organic cotton from Anaja's unisex, eco-responsible collection, available as a Limited Edition from our online boutique.","breadcrumb":{"@id":"https:\/\/www.anaja.fr\/en\/shopping\/le-hoodie-barre\/#breadcrumb"},"inLanguage":"en-US","potentialAction":[{"@type":"ReadAction","target":["https:\/\/www.anaja.fr\/en\/shopping\/le-hoodie-barre\/"]}]},{"@type":"ImageObject","inLanguage":"en-US","@id":"https:\/\/www.anaja.fr\/en\/shopping\/le-hoodie-barre\/#primaryimage","url":"https:\/\/www.anaja.fr\/wp-content\/uploads\/2024\/05\/le-hoodie-barre-man-back.jpg","contentUrl":"https:\/\/www.anaja.fr\/wp-content\/uploads\/2024\/05\/le-hoodie-barre-man-back.jpg","width":1200,"height":1200,"caption":"Le Hoodie Barr\u00e9 Anaja worn by male model"},{"@type":"BreadcrumbList","@id":"https:\/\/www.anaja.fr\/en\/shopping\/le-hoodie-barre\/#breadcrumb","itemListElement":[{"@type":"ListItem","position":1,"name":"Home","item":"https:\/\/www.anaja.fr\/en\/"},{"@type":"ListItem","position":2,"name":"Shop","item":"https:\/\/www.anaja.fr\/shopping\/"},{"@type":"ListItem","position":3,"name":"Le Hoodie Barr\u00e9"}]},{"@type":"WebSite","@id":"https:\/\/www.anaja.fr\/en\/#website","url":"https:\/\/www.anaja.fr\/en\/","name":"Anaja","description":"Official Website | ANAJA","publisher":{"@id":"https:\/\/www.anaja.fr\/en\/#organization"},"potentialAction":[{"@type":"SearchAction","target":{"@type":"EntryPoint","urlTemplate":"https:\/\/www.anaja.fr\/en\/?s={search_term_string}"},"query-input":{"@type":"PropertyValueSpecification","valueRequired":true,"valueName":"search_term_string"}}],"inLanguage":"en-US"},{"@type":"Organization","@id":"https:\/\/www.anaja.fr\/en\/#organization","name":"Anaja","url":"https:\/\/www.anaja.fr\/en\/","logo":{"@type":"ImageObject","inLanguage":"en-US","@id":"https:\/\/www.anaja.fr\/en\/#\/schema\/logo\/image\/","url":"https:\/\/www.anaja.fr\/wp-content\/uploads\/2024\/02\/logo-anaja.png","contentUrl":"https:\/\/www.anaja.fr\/wp-content\/uploads\/2024\/02\/logo-anaja.png","width":2076,"height":2197,"caption":"Anaja"},"image":{"@id":"https:\/\/www.anaja.fr\/en\/#\/schema\/logo\/image\/"},"sameAs":["https:\/\/www.facebook.com\/anajaofficial","https:\/\/www.instagram.com\/anajaofficial\/","https:\/\/www.tiktok.com\/@anajaofficial"],"email":"contact@anaja.fr","legalName":"Anaja","vatID":"FR31982156499","actionableFeedbackPolicy":"https:\/\/www.anaja.fr\/retours\/"}]},"og_availability":"instock","product_availability":"instock","product_retailer_item_id":"HABCW","product_condition":"new"},"_links":{"self":[{"href":"https:\/\/www.anaja.fr\/en\/wp-json\/wp\/v2\/product\/5708","targetHints":{"allow":["GET"]}}],"collection":[{"href":"https:\/\/www.anaja.fr\/en\/wp-json\/wp\/v2\/product"}],"about":[{"href":"https:\/\/www.anaja.fr\/en\/wp-json\/wp\/v2\/types\/product"}],"version-history":[{"count":0,"href":"https:\/\/www.anaja.fr\/en\/wp-json\/wp\/v2\/product\/5708\/revisions"}],"wp:featuredmedia":[{"embeddable":true,"href":"https:\/\/www.anaja.fr\/en\/wp-json\/wp\/v2\/media\/7588"}],"wp:attachment":[{"href":"https:\/\/www.anaja.fr\/en\/wp-json\/wp\/v2\/media?parent=5708"}],"wp:term":[{"taxonomy":"product_brand","embeddable":true,"href":"https:\/\/www.anaja.fr\/en\/wp-json\/wp\/v2\/product_brand?post=5708"},{"taxonomy":"product_cat","embeddable":true,"href":"https:\/\/www.anaja.fr\/en\/wp-json\/wp\/v2\/product_cat?post=5708"},{"taxonomy":"product_tag","embeddable":true,"href":"https:\/\/www.anaja.fr\/en\/wp-json\/wp\/v2\/product_tag?post=5708"}],"curies":[{"name":"wp","href":"https:\/\/api.w.org\/{rel}","templated":true}]}}