{"id":5641,"date":"2024-02-06T14:54:41","date_gmt":"2024-02-06T13:54:41","guid":{"rendered":"https:\/\/www.anaja.fr\/shopping\/le-bonnet-ponpon-brode\/"},"modified":"2024-10-08T15:13:10","modified_gmt":"2024-10-08T13:13:10","slug":"le-bonnet-pompon-brode-bpplr","status":"publish","type":"product","link":"https:\/\/www.anaja.fr\/en\/shopping\/le-bonnet-pompon-brode-bpplr\/","title":{"rendered":"Le Bonnet Pompon Brod\u00e9"},"content":{"rendered":"<p>Explore the comfort and style of our <strong>Bonnet pompon brod\u00e9 red<\/strong>. Made from certified organic cotton, this beanies offers an unrivalled feeling of softness, perfect for unparalleled elegance. Embodying the perfect blend of urban fashion and outdoor style, it stands out in every season.<\/p>\n<p><strong>This beanie, made from 100% breathable, double-layer organic cotton, ensures optimum warmth in winter, while remaining pleasantly cool in spring.<\/strong> Embellished with a matching pompom, it adds a subtle touch of elegance to your outfit, whether in the city or out in nature.<\/p>\n<p>Proudly displaying the red embroidery of the Anaja logo, this beanie transcends the simple accessory to become a symbol of quality, comfort and timeless style. Opt for excellence with our bonnet pompon brod\u00e9 red and add a new dimension to your look, season after season.<\/p>\n","protected":false},"excerpt":{"rendered":"<p><strong>Le Bonnet Pompon Brod\u00e9 <\/strong><\/p>\n<ul>\n<li>Organic cotton beanie<\/li>\n<li>Environmentally friendly knitted lining and pompom<\/li>\n<li>Unisex product<\/li>\n<li>Red embroidered Anaja logo<\/li>\n<\/ul>\n<p><strong><img decoding=\"async\" class=\"alignnone size-full wp-image-5013\" src=\"https:\/\/www.anaja.fr\/wp-content\/uploads\/2024\/01\/Organic-100-Content-Standard.png\" alt=\"\" width=\"50\" height=\"50\"><\/strong><\/p>\n","protected":false},"featured_media":8231,"template":"","meta":{"site-sidebar-layout":"default","site-content-layout":"","ast-site-content-layout":"default","site-content-style":"default","site-sidebar-style":"default","ast-global-header-display":"","ast-banner-title-visibility":"","ast-main-header-display":"","ast-hfb-above-header-display":"","ast-hfb-below-header-display":"","ast-hfb-mobile-header-display":"","site-post-title":"","ast-breadcrumbs-content":"","ast-featured-img":"","footer-sml-layout":"","theme-transparent-header-meta":"default","adv-header-id-meta":"","stick-header-meta":"default","header-above-stick-meta":"","header-main-stick-meta":"","header-below-stick-meta":"","astra-migrate-meta-layouts":"set","ast-page-background-enabled":"default","ast-page-background-meta":{"desktop":{"background-color":"","background-image":"","background-repeat":"repeat","background-position":"center center","background-size":"auto","background-attachment":"scroll","background-type":"","background-media":"","overlay-type":"","overlay-color":"","overlay-opacity":"","overlay-gradient":""},"tablet":{"background-color":"","background-image":"","background-repeat":"repeat","background-position":"center center","background-size":"auto","background-attachment":"scroll","background-type":"","background-media":"","overlay-type":"","overlay-color":"","overlay-opacity":"","overlay-gradient":""},"mobile":{"background-color":"","background-image":"","background-repeat":"repeat","background-position":"center center","background-size":"auto","background-attachment":"scroll","background-type":"","background-media":"","overlay-type":"","overlay-color":"","overlay-opacity":"","overlay-gradient":""}},"ast-content-background-meta":{"desktop":{"background-color":"var(--ast-global-color-5)","background-image":"","background-repeat":"repeat","background-position":"center center","background-size":"auto","background-attachment":"scroll","background-type":"","background-media":"","overlay-type":"","overlay-color":"","overlay-opacity":"","overlay-gradient":""},"tablet":{"background-color":"var(--ast-global-color-5)","background-image":"","background-repeat":"repeat","background-position":"center center","background-size":"auto","background-attachment":"scroll","background-type":"","background-media":"","overlay-type":"","overlay-color":"","overlay-opacity":"","overlay-gradient":""},"mobile":{"background-color":"var(--ast-global-color-5)","background-image":"","background-repeat":"repeat","background-position":"center center","background-size":"auto","background-attachment":"scroll","background-type":"","background-media":"","overlay-type":"","overlay-color":"","overlay-opacity":"","overlay-gradient":""}}},"product_brand":[],"product_cat":[127,128,130],"product_tag":[],"class_list":{"0":"post-5641","1":"product","2":"type-product","3":"status-publish","4":"has-post-thumbnail","6":"product_cat-accessories","7":"product_cat-beanies","8":"product_cat-ponpon-beanies","9":"pa_couleur-black","10":"pa_couleur-navy-en","11":"desktop-align-center","12":"tablet-align-left","13":"mobile-align-left","14":"ast-product-gallery-layout-horizontal-slider","15":"ast-magnify-disabled","16":"ast-product-single-variable","17":"ast-product-tabs-layout-horizontal","19":"first","20":"instock","21":"taxable","22":"shipping-taxable","23":"purchasable","24":"product-type-variable","25":"wvs-archive-product-wrapper"},"yoast_head":"<!-- This site is optimized with the Yoast SEO Premium plugin v24.4 (Yoast SEO v24.4) - https:\/\/yoast.com\/wordpress\/plugins\/seo\/ -->\n<title>Le Bonnet Pompon Brod\u00e9 Red | Anaja<\/title>\n<meta name=\"description\" content=\"Discover Le Bonnet Pompon Brod\u00e9 Red 100% organic cotton from Anaja&#039;s unisex and eco-responsible collection, available in our online boutique.\" \/>\n<meta name=\"robots\" content=\"index, follow, max-snippet:-1, max-image-preview:large, max-video-preview:-1\" \/>\n<link rel=\"canonical\" href=\"https:\/\/www.anaja.fr\/en\/shopping\/le-bonnet-pompon-brode-bpplr\/\" \/>\n<meta property=\"og:locale\" content=\"en_US\" \/>\n<meta property=\"og:type\" content=\"article\" \/>\n<meta property=\"og:title\" content=\"Le Bonnet Pompon Brod\u00e9\" \/>\n<meta property=\"og:description\" content=\"Discover Le Bonnet Pompon Brod\u00e9 Red 100% organic cotton from Anaja&#039;s unisex and eco-responsible collection, available in our online boutique.\" \/>\n<meta property=\"og:url\" content=\"https:\/\/www.anaja.fr\/en\/shopping\/le-bonnet-pompon-brode-bpplr\/\" \/>\n<meta property=\"og:site_name\" content=\"Anaja\" \/>\n<meta property=\"article:publisher\" content=\"https:\/\/www.facebook.com\/anajaofficial\" \/>\n<meta property=\"article:modified_time\" content=\"2024-10-08T13:13:10+00:00\" \/>\n<meta property=\"og:image\" content=\"https:\/\/www.anaja.fr\/wp-content\/uploads\/2024\/02\/Page-accueil-anaja.png\" \/>\n\t<meta property=\"og:image:width\" content=\"1920\" \/>\n\t<meta property=\"og:image:height\" content=\"840\" \/>\n\t<meta property=\"og:image:type\" content=\"image\/png\" \/>\n<meta name=\"twitter:card\" content=\"summary_large_image\" \/>\n<meta name=\"twitter:label1\" content=\"Availability\" \/>\n\t<meta name=\"twitter:data1\" content=\"In stock\" \/>\n<script type=\"application\/ld+json\" class=\"yoast-schema-graph\">{\"@context\":\"https:\/\/schema.org\",\"@graph\":[{\"@type\":\"WebPage\",\"@id\":\"https:\/\/www.anaja.fr\/en\/shopping\/le-bonnet-pompon-brode-bpplr\/\",\"url\":\"https:\/\/www.anaja.fr\/en\/shopping\/le-bonnet-pompon-brode-bpplr\/\",\"name\":\"Le Bonnet Pompon Brod\u00e9 Red | Anaja\",\"isPartOf\":{\"@id\":\"https:\/\/www.anaja.fr\/en\/#website\"},\"primaryImageOfPage\":{\"@id\":\"https:\/\/www.anaja.fr\/en\/shopping\/le-bonnet-pompon-brode-bpplr\/#primaryimage\"},\"image\":{\"@id\":\"https:\/\/www.anaja.fr\/en\/shopping\/le-bonnet-pompon-brode-bpplr\/#primaryimage\"},\"thumbnailUrl\":\"https:\/\/www.anaja.fr\/wp-content\/uploads\/2024\/02\/bonnet-pompon-navy-logo-rouge-side-femme.jpg\",\"datePublished\":\"2024-02-06T13:54:41+00:00\",\"dateModified\":\"2024-10-08T13:13:10+00:00\",\"description\":\"Discover Le Bonnet Pompon Brod\u00e9 Red 100% organic cotton from Anaja's unisex and eco-responsible collection, available in our online boutique.\",\"breadcrumb\":{\"@id\":\"https:\/\/www.anaja.fr\/en\/shopping\/le-bonnet-pompon-brode-bpplr\/#breadcrumb\"},\"inLanguage\":\"en-US\",\"potentialAction\":[{\"@type\":\"ReadAction\",\"target\":[\"https:\/\/www.anaja.fr\/en\/shopping\/le-bonnet-pompon-brode-bpplr\/\"]}]},{\"@type\":\"ImageObject\",\"inLanguage\":\"en-US\",\"@id\":\"https:\/\/www.anaja.fr\/en\/shopping\/le-bonnet-pompon-brode-bpplr\/#primaryimage\",\"url\":\"https:\/\/www.anaja.fr\/wp-content\/uploads\/2024\/02\/bonnet-pompon-navy-logo-rouge-side-femme.jpg\",\"contentUrl\":\"https:\/\/www.anaja.fr\/wp-content\/uploads\/2024\/02\/bonnet-pompon-navy-logo-rouge-side-femme.jpg\",\"width\":1200,\"height\":1200,\"caption\":\"Le Bonnet Pompon Brod\u00e9 Rouge Anaja port\u00e9 par le mannequin femme de c\u00f4t\u00e9\"},{\"@type\":\"BreadcrumbList\",\"@id\":\"https:\/\/www.anaja.fr\/en\/shopping\/le-bonnet-pompon-brode-bpplr\/#breadcrumb\",\"itemListElement\":[{\"@type\":\"ListItem\",\"position\":1,\"name\":\"Home\",\"item\":\"https:\/\/www.anaja.fr\/en\/\"},{\"@type\":\"ListItem\",\"position\":2,\"name\":\"Shop\",\"item\":\"https:\/\/www.anaja.fr\/shopping\/\"},{\"@type\":\"ListItem\",\"position\":3,\"name\":\"Le Bonnet Pompon Brod\u00e9\"}]},{\"@type\":\"WebSite\",\"@id\":\"https:\/\/www.anaja.fr\/en\/#website\",\"url\":\"https:\/\/www.anaja.fr\/en\/\",\"name\":\"Anaja\",\"description\":\"Official Website | ANAJA\",\"publisher\":{\"@id\":\"https:\/\/www.anaja.fr\/en\/#organization\"},\"potentialAction\":[{\"@type\":\"SearchAction\",\"target\":{\"@type\":\"EntryPoint\",\"urlTemplate\":\"https:\/\/www.anaja.fr\/en\/?s={search_term_string}\"},\"query-input\":{\"@type\":\"PropertyValueSpecification\",\"valueRequired\":true,\"valueName\":\"search_term_string\"}}],\"inLanguage\":\"en-US\"},{\"@type\":\"Organization\",\"@id\":\"https:\/\/www.anaja.fr\/en\/#organization\",\"name\":\"Anaja\",\"url\":\"https:\/\/www.anaja.fr\/en\/\",\"logo\":{\"@type\":\"ImageObject\",\"inLanguage\":\"en-US\",\"@id\":\"https:\/\/www.anaja.fr\/en\/#\/schema\/logo\/image\/\",\"url\":\"https:\/\/www.anaja.fr\/wp-content\/uploads\/2024\/02\/logo-anaja.png\",\"contentUrl\":\"https:\/\/www.anaja.fr\/wp-content\/uploads\/2024\/02\/logo-anaja.png\",\"width\":2076,\"height\":2197,\"caption\":\"Anaja\"},\"image\":{\"@id\":\"https:\/\/www.anaja.fr\/en\/#\/schema\/logo\/image\/\"},\"sameAs\":[\"https:\/\/www.facebook.com\/anajaofficial\",\"https:\/\/www.instagram.com\/anajaofficial\/\",\"https:\/\/www.tiktok.com\/@anajaofficial\"],\"email\":\"contact@anaja.fr\",\"legalName\":\"Anaja\",\"vatID\":\"FR31982156499\",\"actionableFeedbackPolicy\":\"https:\/\/www.anaja.fr\/retours\/\"}]}<\/script>\n<meta property=\"og:availability\" content=\"instock\" \/>\n<meta property=\"product:availability\" content=\"instock\" \/>\n<meta property=\"product:retailer_item_id\" content=\"BPPLR\" \/>\n<meta property=\"product:condition\" content=\"new\" \/>\n<!-- \/ Yoast SEO Premium plugin. -->","yoast_head_json":{"title":"Le Bonnet Pompon Brod\u00e9 Red | Anaja","description":"Discover Le Bonnet Pompon Brod\u00e9 Red 100% organic cotton from Anaja's unisex and eco-responsible collection, available in our online boutique.","robots":{"index":"index","follow":"follow","max-snippet":"max-snippet:-1","max-image-preview":"max-image-preview:large","max-video-preview":"max-video-preview:-1"},"canonical":"https:\/\/www.anaja.fr\/en\/shopping\/le-bonnet-pompon-brode-bpplr\/","og_locale":"en_US","og_type":"article","og_title":"Le Bonnet Pompon Brod\u00e9","og_description":"Discover Le Bonnet Pompon Brod\u00e9 Red 100% organic cotton from Anaja's unisex and eco-responsible collection, available in our online boutique.","og_url":"https:\/\/www.anaja.fr\/en\/shopping\/le-bonnet-pompon-brode-bpplr\/","og_site_name":"Anaja","article_publisher":"https:\/\/www.facebook.com\/anajaofficial","article_modified_time":"2024-10-08T13:13:10+00:00","og_image":[{"width":1920,"height":840,"url":"https:\/\/www.anaja.fr\/wp-content\/uploads\/2024\/02\/Page-accueil-anaja.png","type":"image\/png"}],"twitter_card":"summary_large_image","twitter_misc":{"Availability":"In stock"},"schema":{"@context":"https:\/\/schema.org","@graph":[{"@type":"WebPage","@id":"https:\/\/www.anaja.fr\/en\/shopping\/le-bonnet-pompon-brode-bpplr\/","url":"https:\/\/www.anaja.fr\/en\/shopping\/le-bonnet-pompon-brode-bpplr\/","name":"Le Bonnet Pompon Brod\u00e9 Red | Anaja","isPartOf":{"@id":"https:\/\/www.anaja.fr\/en\/#website"},"primaryImageOfPage":{"@id":"https:\/\/www.anaja.fr\/en\/shopping\/le-bonnet-pompon-brode-bpplr\/#primaryimage"},"image":{"@id":"https:\/\/www.anaja.fr\/en\/shopping\/le-bonnet-pompon-brode-bpplr\/#primaryimage"},"thumbnailUrl":"https:\/\/www.anaja.fr\/wp-content\/uploads\/2024\/02\/bonnet-pompon-navy-logo-rouge-side-femme.jpg","datePublished":"2024-02-06T13:54:41+00:00","dateModified":"2024-10-08T13:13:10+00:00","description":"Discover Le Bonnet Pompon Brod\u00e9 Red 100% organic cotton from Anaja's unisex and eco-responsible collection, available in our online boutique.","breadcrumb":{"@id":"https:\/\/www.anaja.fr\/en\/shopping\/le-bonnet-pompon-brode-bpplr\/#breadcrumb"},"inLanguage":"en-US","potentialAction":[{"@type":"ReadAction","target":["https:\/\/www.anaja.fr\/en\/shopping\/le-bonnet-pompon-brode-bpplr\/"]}]},{"@type":"ImageObject","inLanguage":"en-US","@id":"https:\/\/www.anaja.fr\/en\/shopping\/le-bonnet-pompon-brode-bpplr\/#primaryimage","url":"https:\/\/www.anaja.fr\/wp-content\/uploads\/2024\/02\/bonnet-pompon-navy-logo-rouge-side-femme.jpg","contentUrl":"https:\/\/www.anaja.fr\/wp-content\/uploads\/2024\/02\/bonnet-pompon-navy-logo-rouge-side-femme.jpg","width":1200,"height":1200,"caption":"Le Bonnet Pompon Brod\u00e9 Rouge Anaja port\u00e9 par le mannequin femme de c\u00f4t\u00e9"},{"@type":"BreadcrumbList","@id":"https:\/\/www.anaja.fr\/en\/shopping\/le-bonnet-pompon-brode-bpplr\/#breadcrumb","itemListElement":[{"@type":"ListItem","position":1,"name":"Home","item":"https:\/\/www.anaja.fr\/en\/"},{"@type":"ListItem","position":2,"name":"Shop","item":"https:\/\/www.anaja.fr\/shopping\/"},{"@type":"ListItem","position":3,"name":"Le Bonnet Pompon Brod\u00e9"}]},{"@type":"WebSite","@id":"https:\/\/www.anaja.fr\/en\/#website","url":"https:\/\/www.anaja.fr\/en\/","name":"Anaja","description":"Official Website | ANAJA","publisher":{"@id":"https:\/\/www.anaja.fr\/en\/#organization"},"potentialAction":[{"@type":"SearchAction","target":{"@type":"EntryPoint","urlTemplate":"https:\/\/www.anaja.fr\/en\/?s={search_term_string}"},"query-input":{"@type":"PropertyValueSpecification","valueRequired":true,"valueName":"search_term_string"}}],"inLanguage":"en-US"},{"@type":"Organization","@id":"https:\/\/www.anaja.fr\/en\/#organization","name":"Anaja","url":"https:\/\/www.anaja.fr\/en\/","logo":{"@type":"ImageObject","inLanguage":"en-US","@id":"https:\/\/www.anaja.fr\/en\/#\/schema\/logo\/image\/","url":"https:\/\/www.anaja.fr\/wp-content\/uploads\/2024\/02\/logo-anaja.png","contentUrl":"https:\/\/www.anaja.fr\/wp-content\/uploads\/2024\/02\/logo-anaja.png","width":2076,"height":2197,"caption":"Anaja"},"image":{"@id":"https:\/\/www.anaja.fr\/en\/#\/schema\/logo\/image\/"},"sameAs":["https:\/\/www.facebook.com\/anajaofficial","https:\/\/www.instagram.com\/anajaofficial\/","https:\/\/www.tiktok.com\/@anajaofficial"],"email":"contact@anaja.fr","legalName":"Anaja","vatID":"FR31982156499","actionableFeedbackPolicy":"https:\/\/www.anaja.fr\/retours\/"}]},"og_availability":"instock","product_availability":"instock","product_retailer_item_id":"BPPLR","product_condition":"new"},"_links":{"self":[{"href":"https:\/\/www.anaja.fr\/en\/wp-json\/wp\/v2\/product\/5641","targetHints":{"allow":["GET"]}}],"collection":[{"href":"https:\/\/www.anaja.fr\/en\/wp-json\/wp\/v2\/product"}],"about":[{"href":"https:\/\/www.anaja.fr\/en\/wp-json\/wp\/v2\/types\/product"}],"version-history":[{"count":0,"href":"https:\/\/www.anaja.fr\/en\/wp-json\/wp\/v2\/product\/5641\/revisions"}],"wp:featuredmedia":[{"embeddable":true,"href":"https:\/\/www.anaja.fr\/en\/wp-json\/wp\/v2\/media\/8231"}],"wp:attachment":[{"href":"https:\/\/www.anaja.fr\/en\/wp-json\/wp\/v2\/media?parent=5641"}],"wp:term":[{"taxonomy":"product_brand","embeddable":true,"href":"https:\/\/www.anaja.fr\/en\/wp-json\/wp\/v2\/product_brand?post=5641"},{"taxonomy":"product_cat","embeddable":true,"href":"https:\/\/www.anaja.fr\/en\/wp-json\/wp\/v2\/product_cat?post=5641"},{"taxonomy":"product_tag","embeddable":true,"href":"https:\/\/www.anaja.fr\/en\/wp-json\/wp\/v2\/product_tag?post=5641"}],"curies":[{"name":"wp","href":"https:\/\/api.w.org\/{rel}","templated":true}]}}